{"id":1684,"date":"2024-04-23T16:53:18","date_gmt":"2024-04-23T14:53:18","guid":{"rendered":"https:\/\/77.ukukudu.ee\/oigusabilepingu-uldtingimused\/"},"modified":"2025-12-09T15:30:05","modified_gmt":"2025-12-09T13:30:05","slug":"terms","status":"publish","type":"page","link":"https:\/\/njordlaw.ee\/en\/terms\/","title":{"rendered":"General Terms and Conditions of NJORD Law Firm Estonia (NJORD Advokaadib\u00fcroo O\u00dc)"},"content":{"rendered":"\n<h1 class=\"wp-block-heading\">General Terms and Conditions of NJORD Law Firm Estonia (NJORD Advokaadib\u00fcroo O\u00dc)<\/h1>\n\n\n\n<p>These general terms and conditions shall apply to any assignment undertaken by NJORD Law Firm (NJORD Advokaadib\u00fcroo O\u00dc) (Tallinn, Estonia), unless otherwise agreed upon in writing.<\/p>\n\n\n\n<p><a href=\"https:\/\/www.njordlaw.com\/sites\/default\/files\/docs\/2022-11\/njord-advokaadiburoo-oigusabilepingu-uldtingimused-2023.pdf\" target=\"_blank\" rel=\"noreferrer noopener\"><\/a><a href=\"https:\/\/njordlaw.ee\/wp-content\/uploads\/2026-General-Terms-and-Conditions.pdf\" data-type=\"attachment\" data-id=\"4644\" target=\"_blank\" rel=\"noreferrer noopener\">GENERAL TERMS AND CONDITIONS 2026<\/a><br><a href=\"https:\/\/njordlaw.ee\/wp-content\/uploads\/2025-General-Terms-and-Conditions-2.pdf\" data-type=\"link\" data-id=\"https:\/\/njordlaw.ee\/wp-content\/uploads\/2025-general-terms-and-conditions_0.pdf\" target=\"_blank\" rel=\"noreferrer noopener\">GENERAL TERMS AND CONDITIONS 2025<\/a><\/p>\n\n\n\n<p><br><a href=\"https:\/\/njordlaw.ee\/wp-content\/uploads\/170329-mandatory-information-to-swedish-clients-_private-individuals_-se_0.pdf\" data-type=\"link\" data-id=\"https:\/\/njordlaw.ee\/wp-content\/uploads\/170329-mandatory-information-to-swedish-clients-_private-individuals_-se_0.pdf\" target=\"_blank\" rel=\"noreferrer noopener\">INFORMATION FOR SWEDISH CLIENTS \u2013 PRIVATE INDIVIDUALS (SVENSKA)<\/a><\/p>\n\n\n\n<p><\/p>\n","protected":false},"excerpt":{"rendered":"<p>General Terms and Conditions of NJORD Law Firm Estonia (NJORD Advokaadib\u00fcroo O\u00dc) These general terms and conditions shall apply to any assignment undertaken by NJORD Law Firm (NJORD Advokaadib\u00fcroo O\u00dc) (Tallinn, Estonia), unless otherwise agreed upon in writing. GENERAL TERMS AND CONDITIONS 2026GENERAL TERMS AND CONDITIONS 2025 INFORMATION FOR SWEDISH CLIENTS \u2013 PRIVATE INDIVIDUALS (SVENSKA)<\/p>\n","protected":false},"author":2,"featured_media":0,"parent":0,"menu_order":0,"comment_status":"closed","ping_status":"closed","template":"","meta":{"_acf_changed":false,"iawp_total_views":341,"footnotes":""},"class_list":["post-1684","page","type-page","status-publish","hentry"],"acf":[],"_links":{"self":[{"href":"https:\/\/njordlaw.ee\/en\/wp-json\/wp\/v2\/pages\/1684","targetHints":{"allow":["GET"]}}],"collection":[{"href":"https:\/\/njordlaw.ee\/en\/wp-json\/wp\/v2\/pages"}],"about":[{"href":"https:\/\/njordlaw.ee\/en\/wp-json\/wp\/v2\/types\/page"}],"author":[{"embeddable":true,"href":"https:\/\/njordlaw.ee\/en\/wp-json\/wp\/v2\/users\/2"}],"replies":[{"embeddable":true,"href":"https:\/\/njordlaw.ee\/en\/wp-json\/wp\/v2\/comments?post=1684"}],"version-history":[{"count":5,"href":"https:\/\/njordlaw.ee\/en\/wp-json\/wp\/v2\/pages\/1684\/revisions"}],"predecessor-version":[{"id":4667,"href":"https:\/\/njordlaw.ee\/en\/wp-json\/wp\/v2\/pages\/1684\/revisions\/4667"}],"wp:attachment":[{"href":"https:\/\/njordlaw.ee\/en\/wp-json\/wp\/v2\/media?parent=1684"}],"curies":[{"name":"wp","href":"https:\/\/api.w.org\/{rel}","templated":true}]}}